{"id":216,"date":"2023-05-10T12:45:29","date_gmt":"2023-05-10T12:45:29","guid":{"rendered":"https:\/\/www.ortho-bionomy.eu\/wp\/?page_id=216"},"modified":"2023-11-10T16:12:45","modified_gmt":"2023-11-10T16:12:45","slug":"publikationen","status":"publish","type":"page","link":"https:\/\/www.ortho-bionomy.eu\/wp\/de\/publikationen\/","title":{"rendered":"Publikationen"},"content":{"rendered":"\n<div class=\"wp-block-columns is-layout-flex wp-container-core-columns-is-layout-9d6595d7 wp-block-columns-is-layout-flex\">\n<div class=\"wp-block-column is-layout-flow wp-block-column-is-layout-flow\">\n<div class=\"wp-block-media-text alignwide is-stacked-on-mobile\" style=\"grid-template-columns:32% auto\"><figure class=\"wp-block-media-text__media\"><img decoding=\"async\" src=\"https:\/\/static.wixstatic.com\/media\/985698_928989eb74f849029877b8d87ad03bba~mv2.gif\" alt=\"\"\/><\/figure><div class=\"wp-block-media-text__content\">\n<p><strong>Ortho-Bionomy<\/strong>\u00ae<br><strong>A Practical Manual<\/strong><br><br>Kathy L. Kain<br>Jim Berns<br>Ed. North Atlantic Books, 1992, 1997<\/p>\n<\/div><\/div>\n<\/div>\n\n\n\n<div class=\"wp-block-column is-layout-flow wp-block-column-is-layout-flow\">\n<div class=\"wp-block-media-text alignwide is-stacked-on-mobile\" style=\"grid-template-columns:28% auto\"><figure class=\"wp-block-media-text__media\"><img decoding=\"async\" src=\"https:\/\/static.wixstatic.com\/media\/985698_57db82734b3a4fc0973c9bcf32365771~mv2.jpg\/v1\/fill\/w_98,h_147,al_c,q_80,usm_0.66_1.00_0.01,enc_auto\/985698_57db82734b3a4fc0973c9bcf32365771~mv2.jpg\" alt=\"\"\/><\/figure><div class=\"wp-block-media-text__content\">\n<p><strong>Le Corps et les Lois de la Vie Introduction \u00e0 l&#8217;Ortho-Bionomy<\/strong>\u00ae<br><br>Alain Bienvenu<br>Ed. Sully, 1996, 2001<\/p>\n<\/div><\/div>\n<\/div>\n<\/div>\n\n\n\n<div class=\"wp-block-columns is-layout-flex wp-container-core-columns-is-layout-9d6595d7 wp-block-columns-is-layout-flex\">\n<div class=\"wp-block-column is-layout-flow wp-block-column-is-layout-flow\">\n<div class=\"wp-block-media-text alignwide is-stacked-on-mobile\" style=\"grid-template-columns:31% auto\"><figure class=\"wp-block-media-text__media\"><img decoding=\"async\" src=\"https:\/\/static.wixstatic.com\/media\/985698_889854e19b1d4d9bbdd935e5f1546279~mv2.gif\" alt=\"\"\/><\/figure><div class=\"wp-block-media-text__content\">\n<p><strong>Il Tao del Mal di Schiena&nbsp;<\/strong><\/p>\n\n\n\n<p><strong>Un Trattato di Ortho-Bionomy<\/strong>\u00ae<br>Alex Lattanzi<br>Ed. Baul, 2000<\/p>\n<\/div><\/div>\n<\/div>\n\n\n\n<div class=\"wp-block-column is-layout-flow wp-block-column-is-layout-flow\">\n<div class=\"wp-block-media-text alignwide is-stacked-on-mobile\" style=\"grid-template-columns:31% auto\"><figure class=\"wp-block-media-text__media\"><img decoding=\"async\" src=\"https:\/\/static.wixstatic.com\/media\/985698_73c554717602450db4d1fd3a902d96d6~mv2.gif\" alt=\"\"\/><\/figure><div class=\"wp-block-media-text__content\">\n<p><strong>Ortho-Bionomy<\/strong>\u00ae<\/p>\n\n\n\n<p><strong>L&#8217;arte semplice dell&#8217;armonia psico-fisica<\/strong><br>Gino Fioravanti<br>Ed. Mediterranee, 2004<\/p>\n<\/div><\/div>\n<\/div>\n<\/div>\n\n\n\n<p>\u200b<\/p>\n\n\n\n<div class=\"wp-block-columns is-layout-flex wp-container-core-columns-is-layout-9d6595d7 wp-block-columns-is-layout-flex\">\n<div class=\"wp-block-column is-layout-flow wp-block-column-is-layout-flow\">\n<div class=\"wp-block-media-text alignwide is-stacked-on-mobile\" style=\"grid-template-columns:32% auto\"><figure class=\"wp-block-media-text__media\"><img decoding=\"async\" src=\"https:\/\/static.wixstatic.com\/media\/985698_cb7612e774b745b2ada14785c445539c~mv2.jpg\/v1\/fill\/w_106,h_149,al_c,q_80,usm_0.66_1.00_0.01,enc_auto\/985698_cb7612e774b745b2ada14785c445539c~mv2.jpg\" alt=\"\"\/><\/figure><div class=\"wp-block-media-text__content\">\n<p><strong>Lehrbuch der Ortho-Bionomy<\/strong>\u00ae<br><strong>Weiche manuelle Techniken<\/strong><br>Klaus G. Weber, Michaela Wiese<br>Ed. Sonntag, 2001<\/p>\n<\/div><\/div>\n<\/div>\n\n\n\n<div class=\"wp-block-column is-layout-flow wp-block-column-is-layout-flow\">\n<div class=\"wp-block-media-text alignwide is-stacked-on-mobile\" style=\"grid-template-columns:31% auto\"><figure class=\"wp-block-media-text__media\"><img decoding=\"async\" src=\"https:\/\/static.wixstatic.com\/media\/985698_2450580cb3264e098e52578cdb1dbfbf~mv2.jpg\/v1\/fill\/w_103,h_147,al_c,q_80,usm_0.66_1.00_0.01,enc_auto\/985698_2450580cb3264e098e52578cdb1dbfbf~mv2.jpg\" alt=\"\"\/><\/figure><div class=\"wp-block-media-text__content\">\n<p><strong>Kraniosakrale Therapie<\/strong><br>Klaus G. Weber<br>Ed. Springer, 2003, 2004<\/p>\n<\/div><\/div>\n<\/div>\n<\/div>\n\n\n\n<p>\u200b<\/p>\n\n\n\n<div class=\"wp-block-columns is-layout-flex wp-container-core-columns-is-layout-9d6595d7 wp-block-columns-is-layout-flex\">\n<div class=\"wp-block-column is-layout-flow wp-block-column-is-layout-flow\">\n<div class=\"wp-block-media-text alignwide is-stacked-on-mobile\" style=\"grid-template-columns:32% auto\"><figure class=\"wp-block-media-text__media\"><img decoding=\"async\" src=\"https:\/\/static.wixstatic.com\/media\/985698_54c77b44c6f349ff98531c9c02a8e4ab~mv2.jpg\/v1\/fill\/w_109,h_166,al_c,lg_1,q_80,enc_auto\/985698_54c77b44c6f349ff98531c9c02a8e4ab~mv2.jpg\" alt=\"\"\/><\/figure><div class=\"wp-block-media-text__content\">\n<p><strong>Philosophy and History&nbsp;<\/strong><\/p>\n\n\n\n<p><strong>of Ortho-Bionomy<\/strong>\u00ae<br>Arthur Lincoln PAULS<\/p>\n\n\n\n<p>Ed. ALP Publishing, 2003<\/p>\n<\/div><\/div>\n<\/div>\n\n\n\n<div class=\"wp-block-column is-layout-flow wp-block-column-is-layout-flow\">\n<div class=\"wp-block-media-text alignwide is-stacked-on-mobile\" style=\"grid-template-columns:35% auto\"><figure class=\"wp-block-media-text__media\"><img decoding=\"async\" src=\"https:\/\/static.wixstatic.com\/media\/985698_e9c81bbcea1740ca8509551600d28050~mv2.jpg\/v1\/fill\/w_104,h_147,al_c,q_80,usm_0.66_1.00_0.01,enc_auto\/985698_e9c81bbcea1740ca8509551600d28050~mv2.jpg\" alt=\"\"\/><\/figure><div class=\"wp-block-media-text__content\">\n<p><strong>Dynamische und Energetische Techniken<\/strong><br>Klaus G. Weber, Michaela Wiese<br>Ed. Sonntag, 2006<\/p>\n<\/div><\/div>\n<\/div>\n<\/div>\n\n\n\n<div class=\"wp-block-columns is-layout-flex wp-container-core-columns-is-layout-9d6595d7 wp-block-columns-is-layout-flex\">\n<div class=\"wp-block-column is-layout-flow wp-block-column-is-layout-flow\">\n<div class=\"wp-block-media-text alignwide is-stacked-on-mobile\" style=\"grid-template-columns:35% auto\"><figure class=\"wp-block-media-text__media\"><img decoding=\"async\" src=\"https:\/\/static.wixstatic.com\/media\/985698_bdf307964779444e94eb6c01dd959f66~mv2.jpg\/v1\/fill\/w_109,h_167,al_c,q_80,usm_0.66_1.00_0.01,enc_auto\/985698_bdf307964779444e94eb6c01dd959f66~mv2.jpg\" alt=\"\"\/><\/figure><div class=\"wp-block-media-text__content\">\n<p><strong>Ortho-Bionomy<\/strong>\u00ae<strong><\/strong><\/p>\n\n\n\n<p><strong>d\u00e9couvrez votre r\u00e9flexe autocorrecteur<\/strong><br>Th\u00e9r\u00e8se Quill\u00e9<br>Ed. Marco Pietteur, 2007<\/p>\n<\/div><\/div>\n<\/div>\n\n\n\n<div class=\"wp-block-column is-layout-flow wp-block-column-is-layout-flow\"><\/div>\n<\/div>\n\n\n\n<p>\u200b<\/p>\n\n\n\n<div style=\"height:57px\" aria-hidden=\"true\" class=\"wp-block-spacer\"><\/div>\n\n\n\n<div class=\"wp-block-buttons has-custom-font-size has-small-font-size is-content-justification-center is-layout-flex wp-container-core-buttons-is-layout-16018d1d wp-block-buttons-is-layout-flex\">\n<div class=\"wp-block-button has-custom-font-size has-small-font-size\"><a class=\"wp-block-button__link has-background wp-element-button\" href=\"https:\/\/www.ortho-bionomy.eu\/wp\/de\/obeat-de\/\" style=\"background-color:#769cbf\">OBEAT<\/a><\/div>\n\n\n\n<div class=\"wp-block-button is-style-fill\"><a class=\"wp-block-button__link has-white-color has-text-color has-background wp-element-button\" href=\"https:\/\/www.ortho-bionomy.eu\/wp\/de\/kommitee\/\" style=\"background-color:#769cbf\">OBEAT-KOMMITEE<\/a><\/div>\n\n\n\n<div class=\"wp-block-button is-style-fill\"><a class=\"wp-block-button__link has-white-color has-text-color has-background wp-element-button\" href=\"https:\/\/www.ortho-bionomy.eu\/wp\/de\/lehrer\/\" style=\"background-color:#769cbf\">LEHRER*INNEN<\/a><\/div>\n\n\n\n<div class=\"wp-block-button\"><a class=\"wp-block-button__link has-background wp-element-button\" href=\"https:\/\/www.ortho-bionomy.eu\/wp\/de\/phase-7-foundation\/\" style=\"background-color:#769cbf\">PHASE 7 ORGANISATION<\/a><\/div>\n<\/div>\n","protected":false},"excerpt":{"rendered":"<p>Ortho-Bionomy\u00aeA Practical Manual Kathy L. KainJim BernsEd. North Atlantic Books, 1992, 1997 Le Corps et les Lois de la Vie Introduction \u00e0 l&#8217;Ortho-Bionomy\u00ae Alain BienvenuEd. Sully, 1996, 2001 Il Tao del Mal di Schiena&nbsp; Un Trattato di Ortho-Bionomy\u00aeAlex LattanziEd. Baul, 2000 Ortho-Bionomy\u00ae L&#8217;arte semplice dell&#8217;armonia psico-fisicaGino FioravantiEd. Mediterranee, 2004 \u200b Lehrbuch der Ortho-Bionomy\u00aeWeiche manuelle TechnikenKlaus G. Weber, Michaela WieseEd. Sonntag, 2001 Kraniosakrale TherapieKlaus G. WeberEd. Springer, 2003, 2004 \u200b Philosophy and History&nbsp; of Ortho-Bionomy\u00aeArthur Lincoln PAULS Ed. ALP Publishing, 2003 Dynamische und Energetische TechnikenKlaus G. Weber, Michaela WieseEd. Sonntag, 2006 Ortho-Bionomy\u00ae d\u00e9couvrez votre r\u00e9flexe autocorrecteurTh\u00e9r\u00e8se Quill\u00e9Ed. Marco Pietteur, 2007 \u200b<\/p>\n","protected":false},"author":1,"featured_media":490,"parent":0,"menu_order":0,"comment_status":"closed","ping_status":"closed","template":"","meta":{"footnotes":""},"class_list":["post-216","page","type-page","status-publish","has-post-thumbnail"],"_links":{"self":[{"href":"https:\/\/www.ortho-bionomy.eu\/wp\/wp-json\/wp\/v2\/pages\/216","targetHints":{"allow":["GET"]}}],"collection":[{"href":"https:\/\/www.ortho-bionomy.eu\/wp\/wp-json\/wp\/v2\/pages"}],"about":[{"href":"https:\/\/www.ortho-bionomy.eu\/wp\/wp-json\/wp\/v2\/types\/page"}],"author":[{"embeddable":true,"href":"https:\/\/www.ortho-bionomy.eu\/wp\/wp-json\/wp\/v2\/users\/1"}],"replies":[{"embeddable":true,"href":"https:\/\/www.ortho-bionomy.eu\/wp\/wp-json\/wp\/v2\/comments?post=216"}],"version-history":[{"count":8,"href":"https:\/\/www.ortho-bionomy.eu\/wp\/wp-json\/wp\/v2\/pages\/216\/revisions"}],"predecessor-version":[{"id":778,"href":"https:\/\/www.ortho-bionomy.eu\/wp\/wp-json\/wp\/v2\/pages\/216\/revisions\/778"}],"wp:featuredmedia":[{"embeddable":true,"href":"https:\/\/www.ortho-bionomy.eu\/wp\/wp-json\/wp\/v2\/media\/490"}],"wp:attachment":[{"href":"https:\/\/www.ortho-bionomy.eu\/wp\/wp-json\/wp\/v2\/media?parent=216"}],"curies":[{"name":"wp","href":"https:\/\/api.w.org\/{rel}","templated":true}]}}